{"id":4523,"date":"2022-10-13T19:27:29","date_gmt":"2022-10-13T23:27:29","guid":{"rendered":"https:\/\/www.sina.ca\/developpement\/"},"modified":"2026-02-26T09:14:56","modified_gmt":"2026-02-26T14:14:56","slug":"development","status":"publish","type":"page","link":"https:\/\/www.sina.ca\/en\/development\/","title":{"rendered":"Development"},"content":{"rendered":"\t\t<div data-elementor-type=\"wp-page\" data-elementor-id=\"4523\" class=\"elementor elementor-4523 elementor-18\" data-elementor-post-type=\"page\">\n\t\t\t\t<div class=\"elementor-element elementor-element-3050912 animated-slow e-con-full e-flex elementor-invisible e-con e-parent\" data-id=\"3050912\" data-element_type=\"container\" data-e-type=\"container\" data-settings=\"{&quot;background_background&quot;:&quot;classic&quot;,&quot;animation&quot;:&quot;fadeIn&quot;,&quot;jet_parallax_layout_list&quot;:[],&quot;_ob_use_container_extras&quot;:&quot;no&quot;,&quot;_ob_column_hoveranimator&quot;:&quot;no&quot;,&quot;_ob_glider_is_slider&quot;:&quot;no&quot;,&quot;_ob_column_has_pseudo&quot;:&quot;no&quot;}\">\n\t\t<div class=\"elementor-element elementor-element-11d0c57 e-flex e-con-boxed e-con e-parent\" data-id=\"11d0c57\" data-element_type=\"container\" data-e-type=\"container\" data-settings=\"{&quot;jet_parallax_layout_list&quot;:[],&quot;_ob_use_container_extras&quot;:&quot;no&quot;,&quot;_ob_column_hoveranimator&quot;:&quot;no&quot;,&quot;_ob_glider_is_slider&quot;:&quot;no&quot;,&quot;_ob_column_has_pseudo&quot;:&quot;no&quot;}\">\n\t\t\t\t\t<div class=\"e-con-inner\">\n\t\t\t\t<div class=\"elementor-element elementor-element-1a2852c ob-harakiri-inherit ob-has-background-overlay elementor-widget elementor-widget-heading\" data-id=\"1a2852c\" data-element_type=\"widget\" data-e-type=\"widget\" data-settings=\"{&quot;_ob_use_harakiri&quot;:&quot;yes&quot;,&quot;_ob_harakiri_writing_mode&quot;:&quot;inherit&quot;,&quot;_ob_harakiri_text_clip&quot;:&quot;none&quot;,&quot;_ob_widget_stalker_use&quot;:&quot;no&quot;,&quot;_ob_poopart_use&quot;:&quot;yes&quot;,&quot;_ob_shadough_use&quot;:&quot;no&quot;,&quot;_ob_allow_hoveranimator&quot;:&quot;no&quot;}\" data-widget_type=\"heading.default\">\n\t\t\t\t<div class=\"elementor-widget-container\">\n\t\t\t\t\t<h1 class=\"elementor-heading-title elementor-size-default\">D\u00c9VELOPPEMENT<\/h1>\t\t\t\t<\/div>\n\t\t\t\t<\/div>\n\t\t\t\t<div class=\"elementor-element elementor-element-98e8336 elementor-widget__width-initial ob-harakiri-inherit ob-has-background-overlay elementor-widget elementor-widget-heading\" data-id=\"98e8336\" data-element_type=\"widget\" data-e-type=\"widget\" data-settings=\"{&quot;_ob_use_harakiri&quot;:&quot;yes&quot;,&quot;_ob_harakiri_writing_mode&quot;:&quot;inherit&quot;,&quot;_ob_harakiri_text_clip&quot;:&quot;none&quot;,&quot;_ob_widget_stalker_use&quot;:&quot;no&quot;,&quot;_ob_poopart_use&quot;:&quot;yes&quot;,&quot;_ob_shadough_use&quot;:&quot;no&quot;,&quot;_ob_allow_hoveranimator&quot;:&quot;no&quot;}\" data-widget_type=\"heading.default\">\n\t\t\t\t<div class=\"elementor-widget-container\">\n\t\t\t\t\t<h2 class=\"elementor-heading-title elementor-size-default\">Offrir plus \u00e0 nos <span style=\"color:#fff\">partenaires<\/span><\/h2>\t\t\t\t<\/div>\n\t\t\t\t<\/div>\n\t\t\t\t\t<\/div>\n\t\t\t\t<\/div>\n\t\t\t\t<div class=\"elementor-element elementor-element-78469fc elementor-align-right elementor-mobile-align-center elementor-widget-mobile__width-inherit elementor-absolute ob-has-background-overlay elementor-widget elementor-widget-jet-lottie\" data-id=\"78469fc\" data-element_type=\"widget\" data-e-type=\"widget\" data-settings=\"{&quot;_position&quot;:&quot;absolute&quot;,&quot;_ob_widget_stalker_use&quot;:&quot;no&quot;,&quot;_ob_poopart_use&quot;:&quot;yes&quot;,&quot;_ob_shadough_use&quot;:&quot;no&quot;,&quot;_ob_allow_hoveranimator&quot;:&quot;no&quot;}\" data-widget_type=\"jet-lottie.default\">\n\t\t\t\t<div class=\"elementor-widget-container\">\n\t\t\t\t\t<div class=\"elementor-jet-lottie jet-elements\"><div class=\"jet-lottie\" data-settings=\"{&quot;path&quot;:&quot;https:\\\/\\\/www.sina.ca\\\/wp-content\\\/uploads\\\/2022\\\/11\\\/scroll.json&quot;,&quot;renderer&quot;:&quot;svg&quot;,&quot;action_start&quot;:&quot;autoplay&quot;,&quot;delay&quot;:0,&quot;on_hover_out&quot;:&quot;default&quot;,&quot;redirect_timeout&quot;:0,&quot;viewport&quot;:&quot;&quot;,&quot;loop&quot;:true,&quot;loop_times&quot;:&quot;&quot;,&quot;reversed&quot;:false,&quot;play_speed&quot;:1}\"><div class=\"jet-lottie__elem\"><\/div><\/div><\/div>\t\t\t\t<\/div>\n\t\t\t\t<\/div>\n\t\t\t\t<\/div>\n\t\t<div class=\"elementor-element elementor-element-82822d3 e-flex e-con-boxed e-con e-parent\" data-id=\"82822d3\" data-element_type=\"container\" data-e-type=\"container\" data-settings=\"{&quot;background_background&quot;:&quot;classic&quot;,&quot;jet_parallax_layout_list&quot;:[],&quot;_ob_use_container_extras&quot;:&quot;no&quot;,&quot;_ob_column_hoveranimator&quot;:&quot;no&quot;,&quot;_ob_glider_is_slider&quot;:&quot;no&quot;,&quot;_ob_column_has_pseudo&quot;:&quot;no&quot;}\">\n\t\t\t\t\t<div class=\"e-con-inner\">\n\t\t\t\t<div class=\"elementor-element elementor-element-8dbb094 elementor-widget__width-initial ob-harakiri-inherit ob-has-background-overlay elementor-widget elementor-widget-text-editor\" data-id=\"8dbb094\" data-element_type=\"widget\" data-e-type=\"widget\" data-settings=\"{&quot;_ob_use_harakiri&quot;:&quot;yes&quot;,&quot;_ob_harakiri_writing_mode&quot;:&quot;inherit&quot;,&quot;_ob_postman_use&quot;:&quot;no&quot;,&quot;_ob_widget_stalker_use&quot;:&quot;no&quot;,&quot;_ob_poopart_use&quot;:&quot;yes&quot;,&quot;_ob_shadough_use&quot;:&quot;no&quot;,&quot;_ob_allow_hoveranimator&quot;:&quot;no&quot;}\" data-widget_type=\"text-editor.default\">\n\t\t\t\t<div class=\"elementor-widget-container\">\n\t\t\t\t\t\t\t\t\t<p>Chez SINA, nous permettons \u00e0 nos partenaires de g\u00e9n\u00e9rer un patrimoine immobilier durable. En limitant les inconv\u00e9nients et en maximisant les avantages, nous livrons nos d\u00e9veloppements dans le respect des d\u00e9lais et du budget, tout en misant sur la transparence.<\/p>\n<p>SINA est un partenaire de d\u00e9veloppement pr\u00e9cieux. Nous sommes attentifs au pouls de l&#8217;activit\u00e9 \u00e9conomique et personne n&#8217;est mieux plac\u00e9 pour vous conseiller dans vos investissements immobiliers. Profitez de notre vaste r\u00e9seau d&#8217;investisseurs institutionnels, de professionnels et de sous-traitants solidement \u00e9tablis. En suivant des \u00e9tapes de d\u00e9veloppement essentielles, nous pr\u00e9parons le terrain pour un projet r\u00e9ussi.<\/p>\n<p>Nos solutions offrent aux entreprises un kiosque unique pour mener \u00e0 bien leurs projets de construction. Nous travaillons \u00e0 la fois comme acqu\u00e9reurs, constructeurs et gestionnaires de propri\u00e9t\u00e9s pour r\u00e9pondre aux besoins sp\u00e9cifiques et vari\u00e9s des entreprises avec lesquelles nous travaillons.<\/p>\t\t\t\t\t\t\t\t<\/div>\n\t\t\t\t<\/div>\n\t\t\t\t<div class=\"elementor-element elementor-element-d2989d4 ob-has-background-overlay elementor-widget elementor-widget-button\" data-id=\"d2989d4\" data-element_type=\"widget\" data-e-type=\"widget\" data-settings=\"{&quot;_ob_butterbutton_use_it&quot;:&quot;no&quot;,&quot;_ob_widget_stalker_use&quot;:&quot;no&quot;,&quot;_ob_poopart_use&quot;:&quot;yes&quot;,&quot;_ob_shadough_use&quot;:&quot;no&quot;,&quot;_ob_allow_hoveranimator&quot;:&quot;no&quot;}\" data-widget_type=\"button.default\">\n\t\t\t\t<div class=\"elementor-widget-container\">\n\t\t\t\t\t\t\t\t\t<div class=\"elementor-button-wrapper\">\n\t\t\t\t\t<a class=\"elementor-button elementor-button-link elementor-size-sm\" href=\"https:\/\/www.sina.ca\/contact\/\">\n\t\t\t\t\t\t<span class=\"elementor-button-content-wrapper\">\n\t\t\t\t\t\t\t\t\t<span class=\"elementor-button-text\">D\u00e9veloppez avec nous<\/span>\n\t\t\t\t\t<\/span>\n\t\t\t\t\t<\/a>\n\t\t\t\t<\/div>\n\t\t\t\t\t\t\t\t<\/div>\n\t\t\t\t<\/div>\n\t\t\t\t\t<\/div>\n\t\t\t\t<\/div>\n\t\t<div class=\"elementor-element elementor-element-3747f68 e-con-full e-flex e-con e-parent\" data-id=\"3747f68\" data-element_type=\"container\" data-e-type=\"container\" data-settings=\"{&quot;background_background&quot;:&quot;classic&quot;,&quot;jet_parallax_layout_list&quot;:[],&quot;_ob_use_container_extras&quot;:&quot;no&quot;,&quot;_ob_column_hoveranimator&quot;:&quot;no&quot;,&quot;_ob_glider_is_slider&quot;:&quot;no&quot;,&quot;_ob_column_has_pseudo&quot;:&quot;no&quot;}\">\n\t\t\t\t<div class=\"elementor-element elementor-element-57a5e27 ob-has-background-overlay elementor-widget elementor-widget-html\" data-id=\"57a5e27\" data-element_type=\"widget\" data-e-type=\"widget\" data-settings=\"{&quot;_ob_widget_stalker_use&quot;:&quot;no&quot;,&quot;_ob_poopart_use&quot;:&quot;yes&quot;,&quot;_ob_shadough_use&quot;:&quot;no&quot;,&quot;_ob_allow_hoveranimator&quot;:&quot;no&quot;}\" data-widget_type=\"html.default\">\n\t\t\t\t<div class=\"elementor-widget-container\">\n\t\t\t\t\t<style>\r\n.marquee-outline {\r\n    -webkit-text-stroke: 1px #fff;\r\n    -webkit-text-fill-color: transparent;\r\n}\r\n\r\n.marquee-outline, .marquee-normal {\r\n    display: inline-block;\r\n    padding-left: 20px;\r\n    padding-right: 20px;\r\n    line-height: 45px;\r\n    font-size: 75px;\r\n    white-space: nowrap;\r\n    font-family: Archivo;\r\n    font-weight: bold;\r\n    color: rgb(255, 255, 255);\r\n}\r\n\r\n.scroll-text {\r\n    display: flex;\r\n    width: 100%;\r\n}\r\n\r\n.scroll-text>div {\r\n    width: auto;\r\n    white-space: nowrap;\r\n    color: #212121;\r\n    background-color: #000;\r\n    -webkit-animation: animate 80s -80s linear infinite;\r\n    animation: animate 80s -80s linear infinite;\r\n    will-change: transform;\r\n}\r\n\r\n.scroll-text>div:nth-child(2) {\r\n    -webkit-animation: animate2 80s -40s linear infinite;\r\n    animation: animate2 80s -40s linear infinite;\r\n}\r\n\r\n@-webkit-keyframes animate {\r\n    0% {\r\n        transform: translateX(100%);\r\n    }\r\n\r\n    100% {\r\n        transform: translateX(-100%);\r\n    }\r\n}\r\n\r\n@keyframes animate {\r\n    0% {\r\n        transform: translateX(100%);\r\n    }\r\n\r\n    100% {\r\n        transform: translateX(-100%);\r\n    }\r\n}\r\n\r\n@-webkit-keyframes animate2 {\r\n    0% {\r\n        transform: translateX(0);\r\n    }\r\n\r\n    100% {\r\n        transform: translateX(-200%);\r\n    }\r\n}\r\n\r\n@keyframes animate2 {\r\n    0% {\r\n        transform: translateX(0);\r\n    }\r\n\r\n    100% {\r\n        transform: translateX(-200%);\r\n    }\r\n}\r\n<\/Style>\r\n\r\n<div class=\"scroll-text\">\r\n    <div>\r\n      <div class=\"marquee-normal\">PROJETS<\/div>\r\n<div class=\"marquee-outline\">PROJETS<\/div>\r\n<div class=\"marquee-normal\">PROJETS <\/div>\r\n<div class=\"marquee-outline\">PROJETS<\/div>\r\n<div class=\"marquee-normal\">PROJETS<\/div>\r\n<div class=\"marquee-outline\">PROJETS<\/div>\r\n<div class=\"marquee-normal\">PROJETS <\/div>\r\n<div class=\"marquee-outline\">PROJETS<\/div>  \r\n    <\/div>\r\n    <div>\r\n      <div class=\"marquee-normal\">PROJETS<\/div>\r\n<div class=\"marquee-outline\">PROJETS<\/div>\r\n<div class=\"marquee-normal\">PROJETS <\/div>\r\n<div class=\"marquee-outline\">PROJETS<\/div>\r\n<div class=\"marquee-normal\">PROJETS<\/div>\r\n<div class=\"marquee-outline\">PROJETS<\/div>\r\n<div class=\"marquee-normal\">PROJETS <\/div>\r\n<div class=\"marquee-outline\">PROJETS<\/div>  \r\n    <\/div>\r\n<\/div>\t\t\t\t<\/div>\n\t\t\t\t<\/div>\n\t\t\t\t<\/div>\n\t\t<div class=\"elementor-element elementor-element-9a3358c e-con-full alternate-theme-switch e-flex e-con e-parent\" data-id=\"9a3358c\" data-element_type=\"container\" data-e-type=\"container\" data-settings=\"{&quot;jet_parallax_layout_list&quot;:[],&quot;_ob_use_container_extras&quot;:&quot;no&quot;,&quot;_ob_column_hoveranimator&quot;:&quot;no&quot;,&quot;_ob_glider_is_slider&quot;:&quot;no&quot;,&quot;_ob_column_has_pseudo&quot;:&quot;no&quot;}\">\n\t\t<div class=\"elementor-element elementor-element-71162c4 e-flex e-con-boxed e-con e-parent\" data-id=\"71162c4\" data-element_type=\"container\" data-e-type=\"container\" data-settings=\"{&quot;jet_parallax_layout_list&quot;:[],&quot;_ob_use_container_extras&quot;:&quot;no&quot;,&quot;_ob_column_hoveranimator&quot;:&quot;no&quot;,&quot;_ob_glider_is_slider&quot;:&quot;no&quot;,&quot;_ob_column_has_pseudo&quot;:&quot;no&quot;}\">\n\t\t\t\t\t<div class=\"e-con-inner\">\n\t\t<div class=\"elementor-element elementor-element-133a055 e-con-full e-flex e-con e-parent\" data-id=\"133a055\" data-element_type=\"container\" data-e-type=\"container\" data-settings=\"{&quot;jet_parallax_layout_list&quot;:[],&quot;_ob_use_container_extras&quot;:&quot;no&quot;,&quot;_ob_column_hoveranimator&quot;:&quot;no&quot;,&quot;_ob_glider_is_slider&quot;:&quot;no&quot;,&quot;_ob_column_has_pseudo&quot;:&quot;no&quot;}\">\n\t\t\t\t<div class=\"elementor-element elementor-element-3ffdf0b ob-has-background-overlay elementor-widget elementor-widget-image\" data-id=\"3ffdf0b\" data-element_type=\"widget\" data-e-type=\"widget\" data-settings=\"{&quot;_ob_photomorph_use&quot;:&quot;no&quot;,&quot;_ob_widget_stalker_use&quot;:&quot;no&quot;,&quot;_ob_poopart_use&quot;:&quot;yes&quot;,&quot;_ob_shadough_use&quot;:&quot;no&quot;,&quot;_ob_allow_hoveranimator&quot;:&quot;no&quot;}\" data-widget_type=\"image.default\">\n\t\t\t\t<div class=\"elementor-widget-container\">\n\t\t\t\t\t\t\t\t\t\t\t\t\t\t\t<img fetchpriority=\"high\" decoding=\"async\" width=\"1000\" height=\"667\" src=\"https:\/\/www.sina.ca\/wp-content\/uploads\/2023\/02\/03.jpg\" class=\"attachment-full size-full wp-image-2637\" alt=\"\" srcset=\"https:\/\/www.sina.ca\/wp-content\/uploads\/2023\/02\/03.jpg 1000w, https:\/\/www.sina.ca\/wp-content\/uploads\/2023\/02\/03-300x200.jpg 300w, https:\/\/www.sina.ca\/wp-content\/uploads\/2023\/02\/03-768x512.jpg 768w\" sizes=\"(max-width: 1000px) 100vw, 1000px\" \/>\t\t\t\t\t\t\t\t\t\t\t\t\t\t\t<\/div>\n\t\t\t\t<\/div>\n\t\t\t\t<\/div>\n\t\t<div class=\"elementor-element elementor-element-a1a6aab e-flex e-con-boxed e-con e-parent\" data-id=\"a1a6aab\" data-element_type=\"container\" data-e-type=\"container\" data-settings=\"{&quot;jet_parallax_layout_list&quot;:[],&quot;_ob_use_container_extras&quot;:&quot;no&quot;,&quot;_ob_column_hoveranimator&quot;:&quot;no&quot;,&quot;_ob_glider_is_slider&quot;:&quot;no&quot;,&quot;_ob_column_has_pseudo&quot;:&quot;no&quot;}\">\n\t\t\t\t\t<div class=\"e-con-inner\">\n\t\t\t\t<div class=\"elementor-element elementor-element-d0bd185 elementor-widget__width-initial ob-harakiri-inherit ob-has-background-overlay elementor-widget elementor-widget-text-editor\" data-id=\"d0bd185\" data-element_type=\"widget\" data-e-type=\"widget\" data-settings=\"{&quot;_ob_use_harakiri&quot;:&quot;yes&quot;,&quot;_ob_harakiri_writing_mode&quot;:&quot;inherit&quot;,&quot;_ob_postman_use&quot;:&quot;no&quot;,&quot;_ob_widget_stalker_use&quot;:&quot;no&quot;,&quot;_ob_poopart_use&quot;:&quot;yes&quot;,&quot;_ob_shadough_use&quot;:&quot;no&quot;,&quot;_ob_allow_hoveranimator&quot;:&quot;no&quot;}\" data-widget_type=\"text-editor.default\">\n\t\t\t\t<div class=\"elementor-widget-container\">\n\t\t\t\t\t\t\t\t\t<p>Consultez ici nos d\u00e9veloppements et voyez comment l\u2019expertise de SINA peut mener \u00e0 bien votre projet.<\/p>\t\t\t\t\t\t\t\t<\/div>\n\t\t\t\t<\/div>\n\t\t\t\t<div class=\"elementor-element elementor-element-8d6783f elementor-mobile-align-center ob-has-background-overlay elementor-widget elementor-widget-button\" data-id=\"8d6783f\" data-element_type=\"widget\" data-e-type=\"widget\" data-settings=\"{&quot;_ob_widget_stalker_use&quot;:&quot;no&quot;,&quot;_ob_poopart_use&quot;:&quot;yes&quot;,&quot;_ob_shadough_use&quot;:&quot;no&quot;,&quot;_ob_allow_hoveranimator&quot;:&quot;no&quot;}\" data-widget_type=\"button.default\">\n\t\t\t\t<div class=\"elementor-widget-container\">\n\t\t\t\t\t\t\t\t\t<div class=\"elementor-button-wrapper\">\n\t\t\t\t\t<a class=\"elementor-button elementor-button-link elementor-size-sm\" href=\"https:\/\/www.sina.ca\/projets\/\">\n\t\t\t\t\t\t<span class=\"elementor-button-content-wrapper\">\n\t\t\t\t\t\t<span class=\"elementor-button-icon\">\n\t\t\t\t<svg xmlns=\"http:\/\/www.w3.org\/2000\/svg\" id=\"Group_48\" data-name=\"Group 48\" width=\"22.906\" height=\"22.906\" viewBox=\"0 0 22.906 22.906\"><path id=\"Path_74\" data-name=\"Path 74\" d=\"M3636.744,4000.5h-22.906v-1h22.906Z\" transform=\"translate(-3613.838 -3988.547)\"><\/path><path id=\"Path_75\" data-name=\"Path 75\" d=\"M22.906.5H0v-1H22.906Z\" transform=\"translate(11.453) rotate(90)\"><\/path><\/svg>\t\t\t<\/span>\n\t\t\t\t\t\t\t\t\t<span class=\"elementor-button-text\">Voir tous les projets<\/span>\n\t\t\t\t\t<\/span>\n\t\t\t\t\t<\/a>\n\t\t\t\t<\/div>\n\t\t\t\t\t\t\t\t<\/div>\n\t\t\t\t<\/div>\n\t\t\t\t\t<\/div>\n\t\t\t\t<\/div>\n\t\t\t\t\t<\/div>\n\t\t\t\t<\/div>\n\t\t\t\t<\/div>\n\t\t\t\t<\/div>\n\t\t","protected":false},"excerpt":{"rendered":"<p>D\u00c9VELOPPEMENT Offrir plus \u00e0 nos partenaires Chez SINA, nous permettons \u00e0 nos partenaires de g\u00e9n\u00e9rer un patrimoine immobilier durable. En limitant les inconv\u00e9nients et en maximisant les avantages, nous livrons nos d\u00e9veloppements dans le respect des d\u00e9lais et du budget, tout en misant sur la transparence. SINA est un partenaire de d\u00e9veloppement pr\u00e9cieux. Nous sommes [&hellip;]<\/p>\n","protected":false},"author":2,"featured_media":0,"parent":0,"menu_order":4,"comment_status":"closed","ping_status":"closed","template":"elementor_header_footer","meta":{"footnotes":""},"class_list":["post-4523","page","type-page","status-publish","hentry"],"yoast_head":"<!-- This site is optimized with the Yoast SEO plugin v27.2 - https:\/\/yoast.com\/product\/yoast-seo-wordpress\/ -->\n<title>Development - Sina<\/title>\n<meta name=\"robots\" content=\"index, follow, max-snippet:-1, max-image-preview:large, max-video-preview:-1\" \/>\n<link rel=\"canonical\" href=\"https:\/\/www.sina.ca\/en\/development\/\" \/>\n<meta property=\"og:locale\" content=\"en_US\" \/>\n<meta property=\"og:type\" content=\"article\" \/>\n<meta property=\"og:title\" content=\"Development - Sina\" \/>\n<meta property=\"og:description\" content=\"D\u00c9VELOPPEMENT Offrir plus \u00e0 nos partenaires Chez SINA, nous permettons \u00e0 nos partenaires de g\u00e9n\u00e9rer un patrimoine immobilier durable. En limitant les inconv\u00e9nients et en maximisant les avantages, nous livrons nos d\u00e9veloppements dans le respect des d\u00e9lais et du budget, tout en misant sur la transparence. SINA est un partenaire de d\u00e9veloppement pr\u00e9cieux. Nous sommes [&hellip;]\" \/>\n<meta property=\"og:url\" content=\"https:\/\/www.sina.ca\/en\/development\/\" \/>\n<meta property=\"og:site_name\" content=\"Sina\" \/>\n<meta property=\"article:modified_time\" content=\"2026-02-26T14:14:56+00:00\" \/>\n<meta property=\"og:image\" content=\"https:\/\/www.sina.ca\/wp-content\/uploads\/2023\/02\/03.jpg\" \/>\n<meta name=\"twitter:card\" content=\"summary_large_image\" \/>\n<meta name=\"twitter:label1\" content=\"Est. reading time\" \/>\n\t<meta name=\"twitter:data1\" content=\"2 minutes\" \/>\n<script type=\"application\/ld+json\" class=\"yoast-schema-graph\">{\"@context\":\"https:\/\/schema.org\",\"@graph\":[{\"@type\":\"WebPage\",\"@id\":\"https:\/\/www.sina.ca\/en\/development\/\",\"url\":\"https:\/\/www.sina.ca\/en\/development\/\",\"name\":\"Development - Sina\",\"isPartOf\":{\"@id\":\"https:\/\/www.sina.ca\/en\/#website\"},\"primaryImageOfPage\":{\"@id\":\"https:\/\/www.sina.ca\/en\/development\/#primaryimage\"},\"image\":{\"@id\":\"https:\/\/www.sina.ca\/en\/development\/#primaryimage\"},\"thumbnailUrl\":\"https:\/\/www.sina.ca\/wp-content\/uploads\/2023\/02\/03.jpg\",\"datePublished\":\"2022-10-13T23:27:29+00:00\",\"dateModified\":\"2026-02-26T14:14:56+00:00\",\"breadcrumb\":{\"@id\":\"https:\/\/www.sina.ca\/en\/development\/#breadcrumb\"},\"inLanguage\":\"en-US\",\"potentialAction\":[{\"@type\":\"ReadAction\",\"target\":[\"https:\/\/www.sina.ca\/en\/development\/\"]}]},{\"@type\":\"ImageObject\",\"inLanguage\":\"en-US\",\"@id\":\"https:\/\/www.sina.ca\/en\/development\/#primaryimage\",\"url\":\"https:\/\/www.sina.ca\/wp-content\/uploads\/2023\/02\/03.jpg\",\"contentUrl\":\"https:\/\/www.sina.ca\/wp-content\/uploads\/2023\/02\/03.jpg\"},{\"@type\":\"BreadcrumbList\",\"@id\":\"https:\/\/www.sina.ca\/en\/development\/#breadcrumb\",\"itemListElement\":[{\"@type\":\"ListItem\",\"position\":1,\"name\":\"Accueil\",\"item\":\"https:\/\/www.sina.ca\/en\/\"},{\"@type\":\"ListItem\",\"position\":2,\"name\":\"Development\"}]},{\"@type\":\"WebSite\",\"@id\":\"https:\/\/www.sina.ca\/en\/#website\",\"url\":\"https:\/\/www.sina.ca\/en\/\",\"name\":\"Sina\",\"description\":\"\",\"potentialAction\":[{\"@type\":\"SearchAction\",\"target\":{\"@type\":\"EntryPoint\",\"urlTemplate\":\"https:\/\/www.sina.ca\/en\/?s={search_term_string}\"},\"query-input\":{\"@type\":\"PropertyValueSpecification\",\"valueRequired\":true,\"valueName\":\"search_term_string\"}}],\"inLanguage\":\"en-US\"}]}<\/script>\n<!-- \/ Yoast SEO plugin. -->","yoast_head_json":{"title":"Development - Sina","robots":{"index":"index","follow":"follow","max-snippet":"max-snippet:-1","max-image-preview":"max-image-preview:large","max-video-preview":"max-video-preview:-1"},"canonical":"https:\/\/www.sina.ca\/en\/development\/","og_locale":"en_US","og_type":"article","og_title":"Development - Sina","og_description":"D\u00c9VELOPPEMENT Offrir plus \u00e0 nos partenaires Chez SINA, nous permettons \u00e0 nos partenaires de g\u00e9n\u00e9rer un patrimoine immobilier durable. En limitant les inconv\u00e9nients et en maximisant les avantages, nous livrons nos d\u00e9veloppements dans le respect des d\u00e9lais et du budget, tout en misant sur la transparence. SINA est un partenaire de d\u00e9veloppement pr\u00e9cieux. Nous sommes [&hellip;]","og_url":"https:\/\/www.sina.ca\/en\/development\/","og_site_name":"Sina","article_modified_time":"2026-02-26T14:14:56+00:00","og_image":[{"url":"https:\/\/www.sina.ca\/wp-content\/uploads\/2023\/02\/03.jpg","type":"","width":"","height":""}],"twitter_card":"summary_large_image","twitter_misc":{"Est. reading time":"2 minutes"},"schema":{"@context":"https:\/\/schema.org","@graph":[{"@type":"WebPage","@id":"https:\/\/www.sina.ca\/en\/development\/","url":"https:\/\/www.sina.ca\/en\/development\/","name":"Development - Sina","isPartOf":{"@id":"https:\/\/www.sina.ca\/en\/#website"},"primaryImageOfPage":{"@id":"https:\/\/www.sina.ca\/en\/development\/#primaryimage"},"image":{"@id":"https:\/\/www.sina.ca\/en\/development\/#primaryimage"},"thumbnailUrl":"https:\/\/www.sina.ca\/wp-content\/uploads\/2023\/02\/03.jpg","datePublished":"2022-10-13T23:27:29+00:00","dateModified":"2026-02-26T14:14:56+00:00","breadcrumb":{"@id":"https:\/\/www.sina.ca\/en\/development\/#breadcrumb"},"inLanguage":"en-US","potentialAction":[{"@type":"ReadAction","target":["https:\/\/www.sina.ca\/en\/development\/"]}]},{"@type":"ImageObject","inLanguage":"en-US","@id":"https:\/\/www.sina.ca\/en\/development\/#primaryimage","url":"https:\/\/www.sina.ca\/wp-content\/uploads\/2023\/02\/03.jpg","contentUrl":"https:\/\/www.sina.ca\/wp-content\/uploads\/2023\/02\/03.jpg"},{"@type":"BreadcrumbList","@id":"https:\/\/www.sina.ca\/en\/development\/#breadcrumb","itemListElement":[{"@type":"ListItem","position":1,"name":"Accueil","item":"https:\/\/www.sina.ca\/en\/"},{"@type":"ListItem","position":2,"name":"Development"}]},{"@type":"WebSite","@id":"https:\/\/www.sina.ca\/en\/#website","url":"https:\/\/www.sina.ca\/en\/","name":"Sina","description":"","potentialAction":[{"@type":"SearchAction","target":{"@type":"EntryPoint","urlTemplate":"https:\/\/www.sina.ca\/en\/?s={search_term_string}"},"query-input":{"@type":"PropertyValueSpecification","valueRequired":true,"valueName":"search_term_string"}}],"inLanguage":"en-US"}]}},"_links":{"self":[{"href":"https:\/\/www.sina.ca\/en\/wp-json\/wp\/v2\/pages\/4523","targetHints":{"allow":["GET"]}}],"collection":[{"href":"https:\/\/www.sina.ca\/en\/wp-json\/wp\/v2\/pages"}],"about":[{"href":"https:\/\/www.sina.ca\/en\/wp-json\/wp\/v2\/types\/page"}],"author":[{"embeddable":true,"href":"https:\/\/www.sina.ca\/en\/wp-json\/wp\/v2\/users\/2"}],"replies":[{"embeddable":true,"href":"https:\/\/www.sina.ca\/en\/wp-json\/wp\/v2\/comments?post=4523"}],"version-history":[{"count":2,"href":"https:\/\/www.sina.ca\/en\/wp-json\/wp\/v2\/pages\/4523\/revisions"}],"predecessor-version":[{"id":4539,"href":"https:\/\/www.sina.ca\/en\/wp-json\/wp\/v2\/pages\/4523\/revisions\/4539"}],"wp:attachment":[{"href":"https:\/\/www.sina.ca\/en\/wp-json\/wp\/v2\/media?parent=4523"}],"curies":[{"name":"wp","href":"https:\/\/api.w.org\/{rel}","templated":true}]}}