{"id":4528,"date":"2022-10-30T17:15:53","date_gmt":"2022-10-30T21:15:53","guid":{"rendered":"https:\/\/www.sina.ca\/actualites\/"},"modified":"2026-02-26T09:15:41","modified_gmt":"2026-02-26T14:15:41","slug":"news","status":"publish","type":"page","link":"https:\/\/www.sina.ca\/en\/news\/","title":{"rendered":"News"},"content":{"rendered":"\t\t<div data-elementor-type=\"wp-page\" data-elementor-id=\"4528\" class=\"elementor elementor-4528 elementor-310\" data-elementor-post-type=\"page\">\n\t\t\t\t<div class=\"elementor-element elementor-element-e95acb8 e-con-full animated-slow e-flex elementor-invisible e-con e-parent\" data-id=\"e95acb8\" data-element_type=\"container\" data-e-type=\"container\" data-settings=\"{&quot;animation&quot;:&quot;fadeIn&quot;,&quot;background_background&quot;:&quot;classic&quot;,&quot;_ob_use_container_extras&quot;:&quot;no&quot;,&quot;_ob_column_hoveranimator&quot;:&quot;no&quot;,&quot;_ob_glider_is_slider&quot;:&quot;no&quot;,&quot;_ob_column_has_pseudo&quot;:&quot;no&quot;,&quot;jet_parallax_layout_list&quot;:[]}\">\n\t\t\t\t<div class=\"elementor-element elementor-element-007756a ob-has-background-overlay elementor-widget elementor-widget-html\" data-id=\"007756a\" data-element_type=\"widget\" data-e-type=\"widget\" data-settings=\"{&quot;_ob_widget_stalker_use&quot;:&quot;no&quot;,&quot;_ob_poopart_use&quot;:&quot;yes&quot;,&quot;_ob_shadough_use&quot;:&quot;no&quot;,&quot;_ob_allow_hoveranimator&quot;:&quot;no&quot;}\" data-widget_type=\"html.default\">\n\t\t\t\t<div class=\"elementor-widget-container\">\n\t\t\t\t\t<style>\r\n.marquee-outline {\r\n    -webkit-text-stroke: 1px #fff;\r\n    -webkit-text-fill-color: transparent;\r\n}\r\n\r\n.marquee-outline, .marquee-normal {\r\n    display: inline-block;\r\n    padding-left: 20px;\r\n    padding-right: 20px;\r\n    line-height: 45px;\r\n    font-size: 75px;\r\n    white-space: nowrap;\r\n    font-family: Archivo;\r\n    font-weight: bold;\r\n    color: rgb(255, 255, 255);\r\n}\r\n\r\n.scroll-text {\r\n    display: flex;\r\n    width: 100%;\r\n}\r\n\r\n.scroll-text>div {\r\n    width: auto;\r\n    white-space: nowrap;\r\n    color: #212121;\r\n    background-color: #000;\r\n    -webkit-animation: animate 80s -80s linear infinite;\r\n    animation: animate 80s -80s linear infinite;\r\n    will-change: transform;\r\n}\r\n\r\n.scroll-text>div:nth-child(2) {\r\n    -webkit-animation: animate2 80s -40s linear infinite;\r\n    animation: animate2 80s -40s linear infinite;\r\n}\r\n\r\n@-webkit-keyframes animate {\r\n    0% {\r\n        transform: translateX(100%);\r\n    }\r\n\r\n    100% {\r\n        transform: translateX(-100%);\r\n    }\r\n}\r\n\r\n@keyframes animate {\r\n    0% {\r\n        transform: translateX(100%);\r\n    }\r\n\r\n    100% {\r\n        transform: translateX(-100%);\r\n    }\r\n}\r\n\r\n@-webkit-keyframes animate2 {\r\n    0% {\r\n        transform: translateX(0);\r\n    }\r\n\r\n    100% {\r\n        transform: translateX(-200%);\r\n    }\r\n}\r\n\r\n@keyframes animate2 {\r\n    0% {\r\n        transform: translateX(0);\r\n    }\r\n\r\n    100% {\r\n        transform: translateX(-200%);\r\n    }\r\n}\r\n<\/Style>\r\n\r\n<div class=\"scroll-text\">\r\n    <div>\r\n      <div class=\"marquee-normal\">ACTUALIT\u00c9S<\/div>\r\n<div class=\"marquee-outline\">ACTUALIT\u00c9S<\/div>\r\n<div class=\"marquee-normal\">ACTUALIT\u00c9S <\/div>\r\n<div class=\"marquee-outline\">ACTUALIT\u00c9S<\/div>\r\n<div class=\"marquee-normal\">ACTUALIT\u00c9S<\/div>\r\n<div class=\"marquee-outline\">ACTUALIT\u00c9S<\/div>\r\n<div class=\"marquee-normal\">ACTUALIT\u00c9S <\/div>\r\n<div class=\"marquee-outline\">ACTUALIT\u00c9S<\/div>  \r\n    <\/div>\r\n    <div>\r\n      <div class=\"marquee-normal\">ACTUALIT\u00c9S<\/div>\r\n<div class=\"marquee-outline\">ACTUALIT\u00c9S<\/div>\r\n<div class=\"marquee-normal\">ACTUALIT\u00c9S <\/div>\r\n<div class=\"marquee-outline\">ACTUALIT\u00c9S<\/div>\r\n<div class=\"marquee-normal\">ACTUALIT\u00c9S<\/div>\r\n<div class=\"marquee-outline\">ACTUALIT\u00c9S<\/div>\r\n<div class=\"marquee-normal\">ACTUALIT\u00c9S <\/div>\r\n<div class=\"marquee-outline\">ACTUALIT\u00c9S<\/div>  \r\n    <\/div>\r\n<\/div>\t\t\t\t<\/div>\n\t\t\t\t<\/div>\n\t\t\t\t<div class=\"elementor-element elementor-element-5445897 elementor-align-right elementor-mobile-align-center elementor-absolute elementor-widget-mobile__width-inherit ob-has-background-overlay elementor-widget elementor-widget-jet-lottie\" data-id=\"5445897\" data-element_type=\"widget\" data-e-type=\"widget\" data-settings=\"{&quot;_position&quot;:&quot;absolute&quot;,&quot;_ob_widget_stalker_use&quot;:&quot;no&quot;,&quot;_ob_poopart_use&quot;:&quot;yes&quot;,&quot;_ob_shadough_use&quot;:&quot;no&quot;,&quot;_ob_allow_hoveranimator&quot;:&quot;no&quot;}\" data-widget_type=\"jet-lottie.default\">\n\t\t\t\t<div class=\"elementor-widget-container\">\n\t\t\t\t\t<div class=\"elementor-jet-lottie jet-elements\"><div class=\"jet-lottie\" data-settings=\"{&quot;path&quot;:&quot;https:\\\/\\\/www.sina.ca\\\/wp-content\\\/uploads\\\/2022\\\/11\\\/scroll.json&quot;,&quot;renderer&quot;:&quot;svg&quot;,&quot;action_start&quot;:&quot;autoplay&quot;,&quot;delay&quot;:0,&quot;on_hover_out&quot;:&quot;default&quot;,&quot;redirect_timeout&quot;:0,&quot;viewport&quot;:&quot;&quot;,&quot;loop&quot;:true,&quot;loop_times&quot;:&quot;&quot;,&quot;reversed&quot;:false,&quot;play_speed&quot;:1}\"><div class=\"jet-lottie__elem\"><\/div><\/div><\/div>\t\t\t\t<\/div>\n\t\t\t\t<\/div>\n\t\t\t\t<\/div>\n\t\t<div class=\"elementor-element elementor-element-88ef752 e-flex e-con-boxed e-con e-parent\" data-id=\"88ef752\" data-element_type=\"container\" data-e-type=\"container\" data-settings=\"{&quot;_ob_use_container_extras&quot;:&quot;no&quot;,&quot;_ob_column_hoveranimator&quot;:&quot;no&quot;,&quot;_ob_glider_is_slider&quot;:&quot;no&quot;,&quot;_ob_column_has_pseudo&quot;:&quot;no&quot;,&quot;jet_parallax_layout_list&quot;:[]}\">\n\t\t\t\t\t<div class=\"e-con-inner\">\n\t\t\t\t<div class=\"elementor-element elementor-element-3604ba2 ob-has-background-overlay elementor-widget elementor-widget-jet-smart-filters-radio\" data-id=\"3604ba2\" data-element_type=\"widget\" data-e-type=\"widget\" data-settings=\"{&quot;_ob_widget_stalker_use&quot;:&quot;no&quot;,&quot;_ob_poopart_use&quot;:&quot;yes&quot;,&quot;_ob_shadough_use&quot;:&quot;no&quot;,&quot;_ob_allow_hoveranimator&quot;:&quot;no&quot;}\" data-widget_type=\"jet-smart-filters-radio.default\">\n\t\t\t\t<div class=\"elementor-widget-container\">\n\t\t\t\t\t<div class=\"jet-smart-filters-radio jet-filter \" data-indexer-rule=\"show\" data-show-counter=\"\" data-change-counter=\"always\"><div class=\"jet-radio-list\" data-query-type=\"tax_query\" data-query-var=\"category\" data-smart-filter=\"radio\" data-filter-id=\"977\" data-apply-type=\"ajax\" data-content-provider=\"jet-engine\" data-additional-providers=\"\" data-query-id=\"default\" data-active-label=\"\" data-layout-options=\"{&quot;show_label&quot;:&quot;&quot;,&quot;display_options&quot;:{&quot;show_items_label&quot;:false,&quot;show_decorator&quot;:false,&quot;filter_image_size&quot;:&quot;full&quot;,&quot;show_counter&quot;:false}}\" data-query-var-suffix=\"\" data-apply-on=\"value\"><div class=\"jet-filter-items-scroll\" style=&quot;max-height:290px&quot;><div class=\"jet-filter-items-scroll-container\"><form class=\"jet-radio-list-wrapper\"><fieldset><legend style=\"display:none;\">Actualite filtres FR<\/legend><div class=\"jet-radio-list__row jet-filter-row\">\n\t\t<label class=\"jet-radio-list__item\" >\n\t\t<input\n\t\t\ttype=\"radio\"\n\t\t\tclass=\"jet-radio-list__input\"\n\t\t\tname=\"category\"\n\t\t\tvalue=\"all\"\n\t\t\tdata-label=\"Toutes\"\n\t\t\t\t\t\taria-label=\"Toutes\"\n\t\t\t\t\t>\n\t\t<div class=\"jet-radio-list__button\">\n\t\t\t\t\t\t<span class=\"jet-radio-list__label\">Toutes<\/span>\n\t\t\t\t\t<\/div>\n\t<\/label>\n<\/div>\n<div class=\"jet-radio-list__row jet-filter-row\">\n\t\t<label class=\"jet-radio-list__item\" >\n\t\t<input\n\t\t\ttype=\"radio\"\n\t\t\tclass=\"jet-radio-list__input\"\n\t\t\tname=\"category\"\n\t\t\tvalue=\"11\"\n\t\t\tdata-label=\"Uncategorized\"\n\t\t\t\t\t\taria-label=\"Uncategorized\"\n\t\t\t\t\t>\n\t\t<div class=\"jet-radio-list__button\">\n\t\t\t\t\t\t<span class=\"jet-radio-list__label\">Uncategorized<\/span>\n\t\t\t\t\t<\/div>\n\t<\/label>\n<\/div>\n<\/fieldset><\/form><\/div><\/div><\/div>\n<\/div>\t\t\t\t<\/div>\n\t\t\t\t<\/div>\n\t\t\t\t<div class=\"elementor-element elementor-element-b18b312 ob-has-background-overlay elementor-widget elementor-widget-jet-listing-grid\" data-id=\"b18b312\" data-element_type=\"widget\" data-e-type=\"widget\" data-settings=\"{&quot;columns&quot;:3,&quot;columns_mobile&quot;:&quot;1&quot;,&quot;_ob_widget_stalker_use&quot;:&quot;no&quot;,&quot;_ob_poopart_use&quot;:&quot;yes&quot;,&quot;_ob_shadough_use&quot;:&quot;no&quot;,&quot;_ob_allow_hoveranimator&quot;:&quot;no&quot;}\" data-widget_type=\"jet-listing-grid.default\">\n\t\t\t\t<div class=\"elementor-widget-container\">\n\t\t\t\t\t<div class=\"jet-listing-grid jet-listing\"><div class=\"jet-listing-not-found jet-listing-grid__items\" data-nav=\"{&quot;enabled&quot;:false,&quot;type&quot;:null,&quot;more_el&quot;:null,&quot;query&quot;:[],&quot;widget_settings&quot;:{&quot;lisitng_id&quot;:306,&quot;posts_num&quot;:6,&quot;columns&quot;:3,&quot;columns_tablet&quot;:3,&quot;columns_mobile&quot;:1,&quot;column_min_width&quot;:240,&quot;column_min_width_tablet&quot;:240,&quot;column_min_width_mobile&quot;:240,&quot;inline_columns_css&quot;:false,&quot;is_archive_template&quot;:&quot;&quot;,&quot;post_status&quot;:[&quot;publish&quot;],&quot;use_random_posts_num&quot;:&quot;&quot;,&quot;max_posts_num&quot;:9,&quot;not_found_message&quot;:&quot;No data was found&quot;,&quot;is_masonry&quot;:false,&quot;equal_columns_height&quot;:&quot;yes&quot;,&quot;use_load_more&quot;:&quot;&quot;,&quot;load_more_id&quot;:&quot;&quot;,&quot;load_more_type&quot;:&quot;click&quot;,&quot;load_more_offset&quot;:{&quot;unit&quot;:&quot;px&quot;,&quot;size&quot;:0,&quot;sizes&quot;:[]},&quot;use_custom_post_types&quot;:&quot;&quot;,&quot;custom_post_types&quot;:[],&quot;hide_widget_if&quot;:&quot;&quot;,&quot;carousel_enabled&quot;:&quot;&quot;,&quot;slides_to_scroll&quot;:&quot;1&quot;,&quot;arrows&quot;:&quot;true&quot;,&quot;arrow_icon&quot;:&quot;fa fa-angle-left&quot;,&quot;dots&quot;:&quot;&quot;,&quot;autoplay&quot;:&quot;true&quot;,&quot;pause_on_hover&quot;:&quot;true&quot;,&quot;autoplay_speed&quot;:5000,&quot;infinite&quot;:&quot;true&quot;,&quot;center_mode&quot;:&quot;&quot;,&quot;effect&quot;:&quot;slide&quot;,&quot;speed&quot;:500,&quot;inject_alternative_items&quot;:&quot;&quot;,&quot;injection_items&quot;:[],&quot;scroll_slider_enabled&quot;:&quot;&quot;,&quot;scroll_slider_on&quot;:[&quot;desktop&quot;,&quot;tablet&quot;,&quot;mobile&quot;],&quot;custom_query&quot;:false,&quot;custom_query_id&quot;:&quot;&quot;,&quot;_element_id&quot;:&quot;&quot;,&quot;collapse_first_last_gap&quot;:false,&quot;list_tag_selection&quot;:&quot;&quot;,&quot;list_items_wrapper_tag&quot;:&quot;div&quot;,&quot;list_item_tag&quot;:&quot;div&quot;,&quot;empty_items_wrapper_tag&quot;:&quot;div&quot;}}\" data-listing-source=\"posts\" data-listing-id=\"306\" data-query-id=\"\" data-queried-id=\"4528|WP_Post\">No data was found<\/div><\/div>\t\t\t\t<\/div>\n\t\t\t\t<\/div>\n\t\t\t\t\t<\/div>\n\t\t\t\t<\/div>\n\t\t\t\t<\/div>\n\t\t","protected":false},"excerpt":{"rendered":"<p>ACTUALIT\u00c9S ACTUALIT\u00c9S ACTUALIT\u00c9S ACTUALIT\u00c9S ACTUALIT\u00c9S ACTUALIT\u00c9S ACTUALIT\u00c9S ACTUALIT\u00c9S ACTUALIT\u00c9S ACTUALIT\u00c9S ACTUALIT\u00c9S ACTUALIT\u00c9S ACTUALIT\u00c9S ACTUALIT\u00c9S ACTUALIT\u00c9S ACTUALIT\u00c9S Toutes Uncategorized 30 \/ 10 \/ 2022 At vero eos et accusamus et iusto odio dignissimos ducimus qui blanditiis praesentium voluptatum deleniti&#8230; 30 \/ 10 \/ 2022 At vero eos et accusamus et iusto odio dignissimos ducimus qui blanditiis [&hellip;]<\/p>\n","protected":false},"author":2,"featured_media":0,"parent":0,"menu_order":0,"comment_status":"closed","ping_status":"closed","template":"elementor_header_footer","meta":{"footnotes":""},"class_list":["post-4528","page","type-page","status-publish","hentry"],"yoast_head":"<!-- This site is optimized with the Yoast SEO plugin v27.2 - https:\/\/yoast.com\/product\/yoast-seo-wordpress\/ -->\n<title>News - Sina<\/title>\n<meta name=\"robots\" content=\"index, follow, max-snippet:-1, max-image-preview:large, max-video-preview:-1\" \/>\n<link rel=\"canonical\" href=\"https:\/\/www.sina.ca\/en\/news\/\" \/>\n<meta property=\"og:locale\" content=\"en_US\" \/>\n<meta property=\"og:type\" content=\"article\" \/>\n<meta property=\"og:title\" content=\"News - Sina\" \/>\n<meta property=\"og:description\" content=\"ACTUALIT\u00c9S ACTUALIT\u00c9S ACTUALIT\u00c9S ACTUALIT\u00c9S ACTUALIT\u00c9S ACTUALIT\u00c9S ACTUALIT\u00c9S ACTUALIT\u00c9S ACTUALIT\u00c9S ACTUALIT\u00c9S ACTUALIT\u00c9S ACTUALIT\u00c9S ACTUALIT\u00c9S ACTUALIT\u00c9S ACTUALIT\u00c9S ACTUALIT\u00c9S Toutes Uncategorized 30 \/ 10 \/ 2022 At vero eos et accusamus et iusto odio dignissimos ducimus qui blanditiis praesentium voluptatum deleniti... 30 \/ 10 \/ 2022 At vero eos et accusamus et iusto odio dignissimos ducimus qui blanditiis [&hellip;]\" \/>\n<meta property=\"og:url\" content=\"https:\/\/www.sina.ca\/en\/news\/\" \/>\n<meta property=\"og:site_name\" content=\"Sina\" \/>\n<meta property=\"article:modified_time\" content=\"2026-02-26T14:15:41+00:00\" \/>\n<meta name=\"twitter:card\" content=\"summary_large_image\" \/>\n<meta name=\"twitter:label1\" content=\"Est. reading time\" \/>\n\t<meta name=\"twitter:data1\" content=\"1 minute\" \/>\n<script type=\"application\/ld+json\" class=\"yoast-schema-graph\">{\"@context\":\"https:\/\/schema.org\",\"@graph\":[{\"@type\":\"WebPage\",\"@id\":\"https:\/\/www.sina.ca\/en\/news\/\",\"url\":\"https:\/\/www.sina.ca\/en\/news\/\",\"name\":\"News - Sina\",\"isPartOf\":{\"@id\":\"https:\/\/www.sina.ca\/en\/#website\"},\"datePublished\":\"2022-10-30T21:15:53+00:00\",\"dateModified\":\"2026-02-26T14:15:41+00:00\",\"breadcrumb\":{\"@id\":\"https:\/\/www.sina.ca\/en\/news\/#breadcrumb\"},\"inLanguage\":\"en-US\",\"potentialAction\":[{\"@type\":\"ReadAction\",\"target\":[\"https:\/\/www.sina.ca\/en\/news\/\"]}]},{\"@type\":\"BreadcrumbList\",\"@id\":\"https:\/\/www.sina.ca\/en\/news\/#breadcrumb\",\"itemListElement\":[{\"@type\":\"ListItem\",\"position\":1,\"name\":\"Accueil\",\"item\":\"https:\/\/www.sina.ca\/en\/\"},{\"@type\":\"ListItem\",\"position\":2,\"name\":\"News\"}]},{\"@type\":\"WebSite\",\"@id\":\"https:\/\/www.sina.ca\/en\/#website\",\"url\":\"https:\/\/www.sina.ca\/en\/\",\"name\":\"Sina\",\"description\":\"\",\"potentialAction\":[{\"@type\":\"SearchAction\",\"target\":{\"@type\":\"EntryPoint\",\"urlTemplate\":\"https:\/\/www.sina.ca\/en\/?s={search_term_string}\"},\"query-input\":{\"@type\":\"PropertyValueSpecification\",\"valueRequired\":true,\"valueName\":\"search_term_string\"}}],\"inLanguage\":\"en-US\"}]}<\/script>\n<!-- \/ Yoast SEO plugin. -->","yoast_head_json":{"title":"News - Sina","robots":{"index":"index","follow":"follow","max-snippet":"max-snippet:-1","max-image-preview":"max-image-preview:large","max-video-preview":"max-video-preview:-1"},"canonical":"https:\/\/www.sina.ca\/en\/news\/","og_locale":"en_US","og_type":"article","og_title":"News - Sina","og_description":"ACTUALIT\u00c9S ACTUALIT\u00c9S ACTUALIT\u00c9S ACTUALIT\u00c9S ACTUALIT\u00c9S ACTUALIT\u00c9S ACTUALIT\u00c9S ACTUALIT\u00c9S ACTUALIT\u00c9S ACTUALIT\u00c9S ACTUALIT\u00c9S ACTUALIT\u00c9S ACTUALIT\u00c9S ACTUALIT\u00c9S ACTUALIT\u00c9S ACTUALIT\u00c9S Toutes Uncategorized 30 \/ 10 \/ 2022 At vero eos et accusamus et iusto odio dignissimos ducimus qui blanditiis praesentium voluptatum deleniti... 30 \/ 10 \/ 2022 At vero eos et accusamus et iusto odio dignissimos ducimus qui blanditiis [&hellip;]","og_url":"https:\/\/www.sina.ca\/en\/news\/","og_site_name":"Sina","article_modified_time":"2026-02-26T14:15:41+00:00","twitter_card":"summary_large_image","twitter_misc":{"Est. reading time":"1 minute"},"schema":{"@context":"https:\/\/schema.org","@graph":[{"@type":"WebPage","@id":"https:\/\/www.sina.ca\/en\/news\/","url":"https:\/\/www.sina.ca\/en\/news\/","name":"News - Sina","isPartOf":{"@id":"https:\/\/www.sina.ca\/en\/#website"},"datePublished":"2022-10-30T21:15:53+00:00","dateModified":"2026-02-26T14:15:41+00:00","breadcrumb":{"@id":"https:\/\/www.sina.ca\/en\/news\/#breadcrumb"},"inLanguage":"en-US","potentialAction":[{"@type":"ReadAction","target":["https:\/\/www.sina.ca\/en\/news\/"]}]},{"@type":"BreadcrumbList","@id":"https:\/\/www.sina.ca\/en\/news\/#breadcrumb","itemListElement":[{"@type":"ListItem","position":1,"name":"Accueil","item":"https:\/\/www.sina.ca\/en\/"},{"@type":"ListItem","position":2,"name":"News"}]},{"@type":"WebSite","@id":"https:\/\/www.sina.ca\/en\/#website","url":"https:\/\/www.sina.ca\/en\/","name":"Sina","description":"","potentialAction":[{"@type":"SearchAction","target":{"@type":"EntryPoint","urlTemplate":"https:\/\/www.sina.ca\/en\/?s={search_term_string}"},"query-input":{"@type":"PropertyValueSpecification","valueRequired":true,"valueName":"search_term_string"}}],"inLanguage":"en-US"}]}},"_links":{"self":[{"href":"https:\/\/www.sina.ca\/en\/wp-json\/wp\/v2\/pages\/4528","targetHints":{"allow":["GET"]}}],"collection":[{"href":"https:\/\/www.sina.ca\/en\/wp-json\/wp\/v2\/pages"}],"about":[{"href":"https:\/\/www.sina.ca\/en\/wp-json\/wp\/v2\/types\/page"}],"author":[{"embeddable":true,"href":"https:\/\/www.sina.ca\/en\/wp-json\/wp\/v2\/users\/2"}],"replies":[{"embeddable":true,"href":"https:\/\/www.sina.ca\/en\/wp-json\/wp\/v2\/comments?post=4528"}],"version-history":[{"count":1,"href":"https:\/\/www.sina.ca\/en\/wp-json\/wp\/v2\/pages\/4528\/revisions"}],"predecessor-version":[{"id":4543,"href":"https:\/\/www.sina.ca\/en\/wp-json\/wp\/v2\/pages\/4528\/revisions\/4543"}],"wp:attachment":[{"href":"https:\/\/www.sina.ca\/en\/wp-json\/wp\/v2\/media?parent=4528"}],"curies":[{"name":"wp","href":"https:\/\/api.w.org\/{rel}","templated":true}]}}